{"id":9958,"date":"2023-11-06T14:02:56","date_gmt":"2023-11-06T14:02:56","guid":{"rendered":"https:\/\/webqwerty.com\/?page_id=9958"},"modified":"2026-02-02T15:28:32","modified_gmt":"2026-02-02T15:28:32","slug":"strategic-marketing-blog-sme-b2b","status":"publish","type":"page","link":"https:\/\/webqwerty.com\/en\/strategic-marketing-blog-sme-b2b\/","title":{"rendered":"Strategic marketing blog for SMEs and B2B"},"content":{"rendered":"<div data-elementor-type=\"wp-page\" data-elementor-id=\"9958\" class=\"elementor elementor-9958\" data-elementor-post-type=\"page\">\n\t\t\t\t<div class=\"elementor-element elementor-element-b619e96 e-flex e-con-boxed e-con e-parent\" data-id=\"b619e96\" data-element_type=\"container\">\n\t\t\t\t\t<div class=\"e-con-inner\">\n\t\t\t\t<div class=\"elementor-element elementor-element-e410f0a elementor-widget elementor-widget-heading\" data-id=\"e410f0a\" data-element_type=\"widget\" data-widget_type=\"heading.default\">\n\t\t\t\t<div class=\"elementor-widget-container\">\n\t\t\t\t\t<h3 class=\"elementor-heading-title elementor-size-default\"><div>\n    <div style=\"font-weight:700;font-size:13px;letter-spacing:.22em;text-transform:uppercase;color:#6A6A6A;margin-bottom:12px\">\nStrategic marketing blog for SMEs and B2B<div>\n\n    <h2 style=\"font-weight:500;font-size:42px;line-height:1.22;margin:0 0 18px 0;color:#663333\">\n      Follow the strategic perspective, trends and insights that shape the work of web qwerty.\n    <\/h2><\/h3>\t\t\t\t<\/div>\n\t\t\t\t<\/div>\n\t\t\t\t<div class=\"elementor-element elementor-element-57768a2 elementor-widget elementor-widget-wgl-blog\" data-id=\"57768a2\" data-element_type=\"widget\" data-settings=\"{&quot;blog_columns&quot;:&quot;6&quot;}\" data-widget_type=\"wgl-blog.default\">\n\t\t\t\t<div class=\"elementor-widget-container\">\n\t\t\t\t\t<section class=\"wgl_cpt_section\"><div class=\"blog-posts\"><div class=\"container-grid row blog_columns-2 grid blog-style-standard\">    <div class=\"item wgl_col-6\">\r\n    <div class=\"blog-post format-standard-image\">\r\n    <div class=\"blog-post_wrapper\"><div class=\"blog-post_media\"><div class=\"blog-post_media_part\"><a href=\"https:\/\/webqwerty.com\/en\/strategic-marketing-positioning\/\" class=\"media-link image-overlay\"><img decoding=\"async\" src=\"https:\/\/webqwerty.com\/wp-content\/uploads\/2026\/01\/pexels-olia-danilevich-5313361-scaled-1140x950.webp\" alt=\"Positioning and Decision-Making: The Role of Strategic Marketing\"><\/a><\/div><span class=\"post_date\">January 23, 2026<\/span><\/div>    <div class=\"blog-post_content\"><div class=\"post_meta-wrap\"><div class=\"meta-data\"><span class=\"post_categories\"><span><a style=\"color: #232323;\" href=\"https:\/\/webqwerty.com\/en\/category\/estrategia-digital\/\">Digital Strategy and Innovation<\/a><\/span><\/span><span class=\"post_author\"><span>por <a href=\"https:\/\/webqwerty.com\/en\/author\/admin\/\">web qwerty<\/a><\/span><\/span><\/div><\/div><h3 class=\"blog-post_title\"><a href=\"https:\/\/webqwerty.com\/en\/strategic-marketing-positioning\/\">Positioning and Decision-Making: The Role of Strategic Marketing<\/a><\/h3><div class=\"blog-post_text\">Posicionamento e Decis\u00e3o: O Papel do Marketing Estrat\u00e9gico\nO marketing estrat\u00e9gico n\u00e3o serve para \u201cfazer mais\u201d.\nServe para decidir melhor.\nQuando tratado como fun\u00e7\u00e3o de gest\u00e3o, o marketing ajuda as...<\/div><div class=\"clear\"><\/div><div class=\"blog-post_footer\">            <div class=\"read-more-wrap\">\r\n                <a href=\"https:\/\/webqwerty.com\/en\/strategic-marketing-positioning\/\" class=\"button-read-more\"><span>Read more<\/span>                <\/a>\r\n            <\/div><div class=\"post_meta-wrap\"><\/div>    <\/div>\r\n    <\/div>\r\n    <\/div>\r\n    <\/div>\r\n    <\/div>    <div class=\"item wgl_col-6\">\r\n    <div class=\"blog-post format-standard-image\">\r\n    <div class=\"blog-post_wrapper\"><div class=\"blog-post_media\"><div class=\"blog-post_media_part\"><a href=\"https:\/\/webqwerty.com\/en\/international-companies-in-portugal-context-and-expectations\/\" class=\"media-link image-overlay\"><img decoding=\"async\" src=\"https:\/\/webqwerty.com\/wp-content\/uploads\/2026\/01\/Empresas-internacionais-a-avaliar-contexto-e-expectativas-do-mercado-portugues-2-1140x950.webp\" alt=\"Empresas internacionais a avaliar contexto e expectativas do mercado portugu\u00eas\"><\/a><\/div><span class=\"post_date\">January 15, 2026<\/span><\/div>    <div class=\"blog-post_content\"><div class=\"post_meta-wrap\"><div class=\"meta-data\"><span class=\"post_categories\"><span><a style=\"color: #232323;\" href=\"https:\/\/webqwerty.com\/en\/category\/estrategia-digital\/\">Digital Strategy and Innovation<\/a><\/span><\/span><span class=\"post_author\"><span>por <a href=\"https:\/\/webqwerty.com\/en\/author\/admin\/\">web qwerty<\/a><\/span><\/span><\/div><\/div><h3 class=\"blog-post_title\"><a href=\"https:\/\/webqwerty.com\/en\/international-companies-in-portugal-context-and-expectations\/\">International Companies in Portugal: Context and Expectations<\/a><\/h3><div class=\"blog-post_text\">Empresas Internacionais em Porugal: Contexto e Expectativas.\nAtuar num novo pa\u00eds implica mais do que presen\u00e7a formal.\nExige leitura de contexto.\nCompreens\u00e3o do mercado.\nE decis\u00f5es estruturadas antes...<\/div><div class=\"clear\"><\/div><div class=\"blog-post_footer\">            <div class=\"read-more-wrap\">\r\n                <a href=\"https:\/\/webqwerty.com\/en\/international-companies-in-portugal-context-and-expectations\/\" class=\"button-read-more\"><span>Read more<\/span>                <\/a>\r\n            <\/div><div class=\"post_meta-wrap\"><\/div>    <\/div>\r\n    <\/div>\r\n    <\/div>\r\n    <\/div>\r\n    <\/div>    <div class=\"item wgl_col-6\">\r\n    <div class=\"blog-post format-standard-image\">\r\n    <div class=\"blog-post_wrapper\"><div class=\"blog-post_media\"><div class=\"blog-post_media_part\"><a href=\"https:\/\/webqwerty.com\/en\/estruturar-o-departamento-de-marketing-com-eficiencia\/\" class=\"media-link image-overlay\"><img decoding=\"async\" src=\"https:\/\/webqwerty.com\/wp-content\/uploads\/2025\/11\/Reestruturar-o-Departamento-de-Marketing-com-Eficiencia-1140x950.webp\" alt=\"Reestruturar o Departamento de Marketing com Efici\u00eancia web qwerty\"><\/a><\/div><span class=\"post_date\">November 13, 2025<\/span><\/div>    <div class=\"blog-post_content\"><div class=\"post_meta-wrap\"><div class=\"meta-data\"><span class=\"post_categories\"><span><a style=\"color: #232323;\" href=\"https:\/\/webqwerty.com\/en\/category\/marketing-offline\/\">Offline Marketing<\/a><\/span><\/span><span class=\"post_author\"><span>por <a href=\"https:\/\/webqwerty.com\/en\/author\/admin\/\">web qwerty<\/a><\/span><\/span><\/div><\/div><h3 class=\"blog-post_title\"><a href=\"https:\/\/webqwerty.com\/en\/estruturar-o-departamento-de-marketing-com-eficiencia\/\">Structuring the Marketing Department for Efficiency<\/a><\/h3><div class=\"blog-post_text\">Otimize processos, reduza custos e melhore resultados. Reestruture o seu departamento de marketing com efici\u00eancia e vis\u00e3o internacional comprovada.<\/div><div class=\"clear\"><\/div><div class=\"blog-post_footer\">            <div class=\"read-more-wrap\">\r\n                <a href=\"https:\/\/webqwerty.com\/en\/estruturar-o-departamento-de-marketing-com-eficiencia\/\" class=\"button-read-more\"><span>Read more<\/span>                <\/a>\r\n            <\/div><div class=\"post_meta-wrap\"><\/div>    <\/div>\r\n    <\/div>\r\n    <\/div>\r\n    <\/div>\r\n    <\/div>    <div class=\"item wgl_col-6\">\r\n    <div class=\"blog-post format-standard-image\">\r\n    <div class=\"blog-post_wrapper\"><div class=\"blog-post_media\"><div class=\"blog-post_media_part\"><a href=\"https:\/\/webqwerty.com\/en\/protect-your-website-from-spam-links\/\" class=\"media-link image-overlay\"><img decoding=\"async\" src=\"https:\/\/webqwerty.com\/wp-content\/uploads\/2025\/08\/Proteger-o-site-contra-links-spam-nos-comentarios-1140x950.webp\" alt=\"How to Protect Your Website from Comments with Suspicious Links\"><\/a><\/div><span class=\"post_date\">August 7, 2025<\/span><\/div>    <div class=\"blog-post_content\"><div class=\"post_meta-wrap\"><div class=\"meta-data\"><span class=\"post_categories\"><span><a style=\"color: #232323;\" href=\"https:\/\/webqwerty.com\/en\/category\/marketing-digital\/\">Digital Marketing<\/a><\/span><\/span><span class=\"post_author\"><span>por <a href=\"https:\/\/webqwerty.com\/en\/author\/admin\/\">web qwerty<\/a><\/span><\/span><\/div><\/div><h3 class=\"blog-post_title\"><a href=\"https:\/\/webqwerty.com\/en\/protect-your-website-from-spam-links\/\">How to Protect Your Website from Comments with Suspicious Links<\/a><\/h3><div class=\"blog-post_text\">Recebeu coment\u00e1rios com links suspeitos como shorturl.fm? Saiba como proteger o seu site e evitar riscos de seguran\u00e7a.<\/div><div class=\"clear\"><\/div><div class=\"blog-post_footer\">            <div class=\"read-more-wrap\">\r\n                <a href=\"https:\/\/webqwerty.com\/en\/protect-your-website-from-spam-links\/\" class=\"button-read-more\"><span>Read more<\/span>                <\/a>\r\n            <\/div><div class=\"post_meta-wrap\"><\/div>    <\/div>\r\n    <\/div>\r\n    <\/div>\r\n    <\/div>\r\n    <\/div>    <div class=\"item wgl_col-6\">\r\n    <div class=\"blog-post format-standard-image\">\r\n    <div class=\"blog-post_wrapper\"><div class=\"blog-post_media\"><div class=\"blog-post_media_part\"><a href=\"https:\/\/webqwerty.com\/en\/tekever-portugal-innovation-and-digital-strateg\/\" class=\"media-link image-overlay\"><img decoding=\"async\" src=\"https:\/\/webqwerty.com\/wp-content\/uploads\/2025\/05\/tekever-1140x950.webp\" alt=\"Tekever Portugal: Innovation and Digital Strategy at Scale\"><\/a><\/div><span class=\"post_date\">May 15, 2025<\/span><\/div>    <div class=\"blog-post_content\"><div class=\"post_meta-wrap\"><div class=\"meta-data\"><span class=\"post_categories\"><span><a style=\"color: #232323;\" href=\"https:\/\/webqwerty.com\/en\/category\/marketing-digital\/\">Digital Marketing<\/a><\/span><\/span><span class=\"post_author\"><span>por <a href=\"https:\/\/webqwerty.com\/en\/author\/admin\/\">web qwerty<\/a><\/span><\/span><\/div><\/div><h3 class=\"blog-post_title\"><a href=\"https:\/\/webqwerty.com\/en\/tekever-portugal-innovation-and-digital-strateg\/\">Tekever Portugal: Innovation and Digital Strategy at Scale<\/a><\/h3><div class=\"blog-post_text\">Descobre como a Tekever se tornou unic\u00f3rnio em Portugal com inova\u00e7\u00e3o em drones e uma presen\u00e7a digital forte que inspira pequenas empresas a crescer.<\/div><div class=\"clear\"><\/div><div class=\"blog-post_footer\">            <div class=\"read-more-wrap\">\r\n                <a href=\"https:\/\/webqwerty.com\/en\/tekever-portugal-innovation-and-digital-strateg\/\" class=\"button-read-more\"><span>Read more<\/span>                <\/a>\r\n            <\/div><div class=\"post_meta-wrap\"><\/div>    <\/div>\r\n    <\/div>\r\n    <\/div>\r\n    <\/div>\r\n    <\/div>    <div class=\"item wgl_col-6\">\r\n    <div class=\"blog-post format-standard-image\">\r\n    <div class=\"blog-post_wrapper\"><div class=\"blog-post_media\"><div class=\"blog-post_media_part\"><a href=\"https:\/\/webqwerty.com\/en\/strategies-for-small-business-success\/\" class=\"media-link image-overlay\"><img decoding=\"async\" src=\"https:\/\/webqwerty.com\/wp-content\/uploads\/2025\/05\/Estrategias-para-pequenas-empresas-1140x950.webp\" alt=\"Estrat\u00e9gias para pequenas empresas web qwerty\"><\/a><\/div><span class=\"post_date\">May 8, 2025<\/span><\/div>    <div class=\"blog-post_content\"><div class=\"post_meta-wrap\"><div class=\"meta-data\"><span class=\"post_categories\"><span><a style=\"color: #232323;\" href=\"https:\/\/webqwerty.com\/en\/category\/estrategia-digital\/\">Digital Strategy and Innovation<\/a><\/span><\/span><span class=\"post_author\"><span>por <a href=\"https:\/\/webqwerty.com\/en\/author\/admin\/\">web qwerty<\/a><\/span><\/span><\/div><\/div><h3 class=\"blog-post_title\"><a href=\"https:\/\/webqwerty.com\/en\/strategies-for-small-business-success\/\">Strategies for Small Businesses<\/a><\/h3><div class=\"blog-post_text\">Descubra estrat\u00e9gias pr\u00e1ticas para pequenas empresas crescerem em Portugal. Saiba como inovar, gerir melhor e destacar o seu neg\u00f3cio no mercado nacional.<\/div><div class=\"clear\"><\/div><div class=\"blog-post_footer\">            <div class=\"read-more-wrap\">\r\n                <a href=\"https:\/\/webqwerty.com\/en\/strategies-for-small-business-success\/\" class=\"button-read-more\"><span>Read more<\/span>                <\/a>\r\n            <\/div><div class=\"post_meta-wrap\"><\/div>    <\/div>\r\n    <\/div>\r\n    <\/div>\r\n    <\/div>\r\n    <\/div><\/div><\/div><\/section>\t\t\t\t<\/div>\n\t\t\t\t<\/div>\n\t\t\t\t\t<\/div>\n\t\t\t\t<\/div>\n\t\t\t\t<\/div>","protected":false},"excerpt":{"rendered":"<p>Blog da web qwerty. Dicas e pr\u00e1ticas para si e para a sua empresa. Prestamos servi\u00e7os de website e SEO, logo e marca, marketing, social media, vendas online,<\/p>","protected":false},"author":2,"featured_media":6887,"parent":0,"menu_order":0,"comment_status":"closed","ping_status":"closed","template":"","meta":{"footnotes":""},"class_list":["post-9958","page","type-page","status-publish","has-post-thumbnail","hentry"],"_links":{"self":[{"href":"https:\/\/webqwerty.com\/en\/wp-json\/wp\/v2\/pages\/9958","targetHints":{"allow":["GET"]}}],"collection":[{"href":"https:\/\/webqwerty.com\/en\/wp-json\/wp\/v2\/pages"}],"about":[{"href":"https:\/\/webqwerty.com\/en\/wp-json\/wp\/v2\/types\/page"}],"author":[{"embeddable":true,"href":"https:\/\/webqwerty.com\/en\/wp-json\/wp\/v2\/users\/2"}],"replies":[{"embeddable":true,"href":"https:\/\/webqwerty.com\/en\/wp-json\/wp\/v2\/comments?post=9958"}],"version-history":[{"count":12,"href":"https:\/\/webqwerty.com\/en\/wp-json\/wp\/v2\/pages\/9958\/revisions"}],"predecessor-version":[{"id":10677,"href":"https:\/\/webqwerty.com\/en\/wp-json\/wp\/v2\/pages\/9958\/revisions\/10677"}],"wp:featuredmedia":[{"embeddable":true,"href":"https:\/\/webqwerty.com\/en\/wp-json\/wp\/v2\/media\/6887"}],"wp:attachment":[{"href":"https:\/\/webqwerty.com\/en\/wp-json\/wp\/v2\/media?parent=9958"}],"curies":[{"name":"wp","href":"https:\/\/api.w.org\/{rel}","templated":true}]}}